{"id":3512,"date":"2021-12-08T18:13:16","date_gmt":"2021-12-08T17:13:16","guid":{"rendered":"http:\/\/schaefer-online-marketing.de\/?page_id=3512"},"modified":"2024-04-17T15:54:56","modified_gmt":"2024-04-17T13:54:56","slug":"impressum","status":"publish","type":"page","link":"https:\/\/schaefer-online-marketing.de\/en\/impressum\/","title":{"rendered":"Imprint"},"content":{"rendered":"<div data-elementor-type=\"wp-page\" data-elementor-id=\"3512\" class=\"elementor elementor-3512\">\n\t\t\t\t\t\t<section data-particle_enable=\"false\" data-particle-mobile-disabled=\"false\" class=\"elementor-section elementor-top-section elementor-element elementor-element-4955350 elementor-section-boxed elementor-section-height-default elementor-section-height-default\" data-id=\"4955350\" data-element_type=\"section\" data-settings=\"{&quot;background_background&quot;:&quot;classic&quot;}\">\n\t\t\t\t\t\t\t<div class=\"elementor-background-overlay\"><\/div>\n\t\t\t\t\t\t\t<div class=\"elementor-container elementor-column-gap-no\">\n\t\t\t\t\t<div class=\"elementor-column elementor-col-100 elementor-top-column elementor-element elementor-element-589aaa5\" data-id=\"589aaa5\" data-element_type=\"column\">\n\t\t\t<div class=\"elementor-widget-wrap elementor-element-populated\">\n\t\t\t\t\t\t<div class=\"elementor-element elementor-element-ba92ffa elementor-widget elementor-widget-heading\" data-id=\"ba92ffa\" data-element_type=\"widget\" data-widget_type=\"heading.default\">\n\t\t\t\t<div class=\"elementor-widget-container\">\n\t\t\t<style>\/*! elementor - v3.23.0 - 05-08-2024 *\/\n.elementor-heading-title{padding:0;margin:0;line-height:1}.elementor-widget-heading .elementor-heading-title[class*=elementor-size-]>a{color:inherit;font-size:inherit;line-height:inherit}.elementor-widget-heading .elementor-heading-title.elementor-size-small{font-size:15px}.elementor-widget-heading .elementor-heading-title.elementor-size-medium{font-size:19px}.elementor-widget-heading .elementor-heading-title.elementor-size-large{font-size:29px}.elementor-widget-heading .elementor-heading-title.elementor-size-xl{font-size:39px}.elementor-widget-heading .elementor-heading-title.elementor-size-xxl{font-size:59px}<\/style><h1 class=\"elementor-heading-title elementor-size-default\">Imprint<\/h1>\t\t<\/div>\n\t\t\t\t<\/div>\n\t\t\t\t\t<\/div>\n\t\t<\/div>\n\t\t\t\t\t<\/div>\n\t\t<\/section>\n\t\t\t\t<section data-particle_enable=\"false\" data-particle-mobile-disabled=\"false\" class=\"elementor-section elementor-top-section elementor-element elementor-element-dbde565 elementor-section-boxed elementor-section-height-default elementor-section-height-default\" data-id=\"dbde565\" data-element_type=\"section\">\n\t\t\t\t\t\t<div class=\"elementor-container elementor-column-gap-default\">\n\t\t\t\t\t<div class=\"elementor-column elementor-col-100 elementor-top-column elementor-element elementor-element-3e3b1f6\" data-id=\"3e3b1f6\" data-element_type=\"column\">\n\t\t\t<div class=\"elementor-widget-wrap elementor-element-populated\">\n\t\t\t\t\t\t<div class=\"elementor-element elementor-element-1f0bbd8 elementor-widget elementor-widget-text-editor\" data-id=\"1f0bbd8\" data-element_type=\"widget\" data-widget_type=\"text-editor.default\">\n\t\t\t\t<div class=\"elementor-widget-container\">\n\t\t\t<style>\/*! elementor - v3.23.0 - 05-08-2024 *\/\n.elementor-widget-text-editor.elementor-drop-cap-view-stacked .elementor-drop-cap{background-color:#69727d;color:#fff}.elementor-widget-text-editor.elementor-drop-cap-view-framed .elementor-drop-cap{color:#69727d;border:3px solid;background-color:transparent}.elementor-widget-text-editor:not(.elementor-drop-cap-view-default) .elementor-drop-cap{margin-top:8px}.elementor-widget-text-editor:not(.elementor-drop-cap-view-default) .elementor-drop-cap-letter{width:1em;height:1em}.elementor-widget-text-editor .elementor-drop-cap{float:left;text-align:center;line-height:1;font-size:50px}.elementor-widget-text-editor .elementor-drop-cap-letter{display:inline-block}<\/style>\t\t\t\t<h3 class=\"fusion-responsive-typography-calculated\" data-fontsize=\"40\" data-lineheight=\"50px\">Information according to \u00a7 5 TMG<\/h3><p>Kevin Sch\u00e4fer<br \/>Sch\u00e4fer Online-Marketing<br \/>Stettiner Stra\u00dfe 17<br \/>65239 Hochheim\u00a0am\u00a0Main<\/p><h3 class=\"fusion-responsive-typography-calculated\" data-fontsize=\"40\" data-lineheight=\"50px\">Contact<\/h3><p>Phone:\u00a0<a style=\"background-color: #ffffff; outline: 0px;\" href=\"tel:004961469096072\">+49 (0) 6146 90 96 072<\/a><br \/>Email: <a href=\"mailto:sekretariat@schaefer-online-marketing.de\">sekretariat@schaefer-online-marketing.de<\/a><\/p><h3 class=\"fusion-responsive-typography-calculated\" data-fontsize=\"40\" data-lineheight=\"50px\">VAT ID<\/h3><p>VAT ID according to \u00a7 27 a sales tax law:<br \/>DE33 0104 626<\/p><h3 class=\"fusion-responsive-typography-calculated\" data-fontsize=\"40\" data-lineheight=\"50px\">Information on professional liability insurance<\/h3><p><strong>Name and registered office of the insurer:<\/strong><br \/>Allianz Versicherungs AG<br \/>K\u00f6niginstra\u00dfe 28<br \/>80802 Munich<\/p><p><strong>Area of validity of the insurance:<\/strong><br \/>Germany<\/p><h3 class=\"fusion-responsive-typography-calculated\" data-fontsize=\"40\" data-lineheight=\"50px\">EU dispute resolution<\/h3><p>The European Commission provides a platform for online dispute resolution (ODR):\u00a0<a href=\"https:\/\/ec.europa.eu\/consumers\/odr\" target=\"_blank\" rel=\"noopener noreferrer\">https:\/\/ec.europa.eu\/consumers\/odr<\/a>.<br \/>You can find our email adress above in the imprint.<\/p><h3 class=\"fusion-responsive-typography-calculated\" data-fontsize=\"40\" data-lineheight=\"50px\">Consumer dispute resolution\/universal arbitration board<\/h3><p>We are not willing or obliged to participate in dispute resolution proceedings before a consumer arbitration board.<\/p><h3 class=\"fusion-responsive-typography-calculated\" data-fontsize=\"35\" data-lineheight=\"45.5px\">Liability for content<\/h3><p>As a service provider, we are responsible for our own content on these pages in accordance with Section 7 (1) TMG (German Telemedia Act) and general legislation. According to \u00a7\u00a7 8 to 10 TMG, however, we as a service provider are not obliged to monitor transmitted or stored third-party information or to investigate circumstances that indicate illegal activity.<\/p><p>Obligations to remove or block the use of information in accordance with general legislation remain unaffected by this. However, liability in this respect is only possible from the time of knowledge of a specific infringement. As soon as we become aware of such infringements, we will remove this content immediately.<\/p><h3 class=\"fusion-responsive-typography-calculated\" data-fontsize=\"35\" data-lineheight=\"45.5px\">Liability for links<\/h3><p>Our website contains links to external third-party websites over whose content we have no influence. Therefore, we cannot accept any liability for this third-party content. The respective provider or operator of the pages is always responsible for the content of the linked pages. The linked pages were checked for possible legal violations at the time of linking. Illegal content was not recognizable at the time of linking.<\/p><p>However, permanent monitoring of the content of the linked pages is not reasonable without concrete evidence of an infringement. If we become aware of any legal infringements, we will remove such links immediately.<\/p><h3 class=\"fusion-responsive-typography-calculated\" data-fontsize=\"35\" data-lineheight=\"45.5px\">Copyright<\/h3><p>The content and works created by the site operators on these pages are subject to German copyright law. Duplication, processing, distribution and any form of commercialization of such material beyond the scope of the copyright law shall require the prior written consent of its respective author or creator.Downloads and copies of this site are only permitted for private, non-commercial use.<\/p><p>Insofar as the content on this site was not created by the operator, the copyrights of third parties are respected. In particular, third-party content is identified as such. Should you nevertheless become aware of a copyright infringement, please inform us accordingly.If we become aware of any infringements, we will remove such content immediately<\/p><p>Source:\u00a0<a href=\"https:\/\/www.e-recht24.de\/\">eRecht24<\/a><\/p>\t\t\t\t\t\t<\/div>\n\t\t\t\t<\/div>\n\t\t\t\t\t<\/div>\n\t\t<\/div>\n\t\t\t\t\t<\/div>\n\t\t<\/section>\n\t\t\t\t<section data-particle_enable=\"false\" data-particle-mobile-disabled=\"false\" class=\"elementor-section elementor-top-section elementor-element elementor-element-67f9db5 elementor-section-boxed elementor-section-height-default elementor-section-height-default\" data-id=\"67f9db5\" data-element_type=\"section\">\n\t\t\t\t\t\t<div class=\"elementor-container elementor-column-gap-default\">\n\t\t\t\t\t<div class=\"elementor-column elementor-col-100 elementor-top-column elementor-element elementor-element-d64f0db\" data-id=\"d64f0db\" data-element_type=\"column\">\n\t\t\t<div class=\"elementor-widget-wrap elementor-element-populated\">\n\t\t\t\t\t\t<div class=\"elementor-element elementor-element-2a018c4 elementor-widget-divider--view-line elementor-widget elementor-widget-divider\" data-id=\"2a018c4\" data-element_type=\"widget\" data-widget_type=\"divider.default\">\n\t\t\t\t<div class=\"elementor-widget-container\">\n\t\t\t<style>\/*! elementor - v3.23.0 - 05-08-2024 *\/\n.elementor-widget-divider{--divider-border-style:none;--divider-border-width:1px;--divider-color:#0c0d0e;--divider-icon-size:20px;--divider-element-spacing:10px;--divider-pattern-height:24px;--divider-pattern-size:20px;--divider-pattern-url:none;--divider-pattern-repeat:repeat-x}.elementor-widget-divider .elementor-divider{display:flex}.elementor-widget-divider .elementor-divider__text{font-size:15px;line-height:1;max-width:95%}.elementor-widget-divider .elementor-divider__element{margin:0 var(--divider-element-spacing);flex-shrink:0}.elementor-widget-divider .elementor-icon{font-size:var(--divider-icon-size)}.elementor-widget-divider .elementor-divider-separator{display:flex;margin:0;direction:ltr}.elementor-widget-divider--view-line_icon .elementor-divider-separator,.elementor-widget-divider--view-line_text .elementor-divider-separator{align-items:center}.elementor-widget-divider--view-line_icon .elementor-divider-separator:after,.elementor-widget-divider--view-line_icon .elementor-divider-separator:before,.elementor-widget-divider--view-line_text .elementor-divider-separator:after,.elementor-widget-divider--view-line_text .elementor-divider-separator:before{display:block;content:\"\";border-block-end:0;flex-grow:1;border-block-start:var(--divider-border-width) var(--divider-border-style) var(--divider-color)}.elementor-widget-divider--element-align-left .elementor-divider .elementor-divider-separator>.elementor-divider__svg:first-of-type{flex-grow:0;flex-shrink:100}.elementor-widget-divider--element-align-left .elementor-divider-separator:before{content:none}.elementor-widget-divider--element-align-left .elementor-divider__element{margin-left:0}.elementor-widget-divider--element-align-right .elementor-divider .elementor-divider-separator>.elementor-divider__svg:last-of-type{flex-grow:0;flex-shrink:100}.elementor-widget-divider--element-align-right .elementor-divider-separator:after{content:none}.elementor-widget-divider--element-align-right .elementor-divider__element{margin-right:0}.elementor-widget-divider--element-align-start .elementor-divider .elementor-divider-separator>.elementor-divider__svg:first-of-type{flex-grow:0;flex-shrink:100}.elementor-widget-divider--element-align-start .elementor-divider-separator:before{content:none}.elementor-widget-divider--element-align-start .elementor-divider__element{margin-inline-start:0}.elementor-widget-divider--element-align-end .elementor-divider .elementor-divider-separator>.elementor-divider__svg:last-of-type{flex-grow:0;flex-shrink:100}.elementor-widget-divider--element-align-end .elementor-divider-separator:after{content:none}.elementor-widget-divider--element-align-end .elementor-divider__element{margin-inline-end:0}.elementor-widget-divider:not(.elementor-widget-divider--view-line_text):not(.elementor-widget-divider--view-line_icon) .elementor-divider-separator{border-block-start:var(--divider-border-width) var(--divider-border-style) var(--divider-color)}.elementor-widget-divider--separator-type-pattern{--divider-border-style:none}.elementor-widget-divider--separator-type-pattern.elementor-widget-divider--view-line .elementor-divider-separator,.elementor-widget-divider--separator-type-pattern:not(.elementor-widget-divider--view-line) .elementor-divider-separator:after,.elementor-widget-divider--separator-type-pattern:not(.elementor-widget-divider--view-line) .elementor-divider-separator:before,.elementor-widget-divider--separator-type-pattern:not([class*=elementor-widget-divider--view]) .elementor-divider-separator{width:100%;min-height:var(--divider-pattern-height);-webkit-mask-size:var(--divider-pattern-size) 100%;mask-size:var(--divider-pattern-size) 100%;-webkit-mask-repeat:var(--divider-pattern-repeat);mask-repeat:var(--divider-pattern-repeat);background-color:var(--divider-color);-webkit-mask-image:var(--divider-pattern-url);mask-image:var(--divider-pattern-url)}.elementor-widget-divider--no-spacing{--divider-pattern-size:auto}.elementor-widget-divider--bg-round{--divider-pattern-repeat:round}.rtl .elementor-widget-divider .elementor-divider__text{direction:rtl}.e-con-inner>.elementor-widget-divider,.e-con>.elementor-widget-divider{width:var(--container-widget-width,100%);--flex-grow:var(--container-widget-flex-grow)}<\/style>\t\t<div class=\"elementor-divider\">\n\t\t\t<span class=\"elementor-divider-separator\">\n\t\t\t\t\t\t<\/span>\n\t\t<\/div>\n\t\t\t\t<\/div>\n\t\t\t\t<\/div>\n\t\t\t\t\t<\/div>\n\t\t<\/div>\n\t\t\t\t\t<\/div>\n\t\t<\/section>\n\t\t\t\t<\/div>","protected":false},"excerpt":{"rendered":"<p>Impressum Angaben gem\u00e4\u00df \u00a7 5 TMG Kevin Sch\u00e4ferSch\u00e4fer Online-MarketingStettiner Stra\u00dfe 1765239 Hochheim\u00a0am\u00a0Main Kontakt Telefon:\u00a0+49 (0) 6146 90 96 072E-Mail: sekretariat@schaefer-online-marketing.de Umsatzsteuer-ID Umsatzsteuer-Identifikationsnummer gem\u00e4\u00df \u00a7 27 a Umsatzsteuergesetz:DE33 0104 626 Angaben zur Berufshaftpflichtversicherung Name und Sitz des Versicherers:Allianz Versicherungs AGK\u00f6niginstra\u00dfe 2880802 M\u00fcnchen Geltungsraum der Versicherung:Deutschland EU-Streitschlichtung Die Europ\u00e4ische Kommission stellt eine Plattform zur Online-Streitbeilegung (OS) bereit:\u00a0https:\/\/ec.europa.eu\/consumers\/odr.Unsere &hellip;<\/p>\n<p class=\"read-more\"> <a class=\"\" href=\"https:\/\/schaefer-online-marketing.de\/en\/impressum\/\"> <span class=\"screen-reader-text\">Imprint<\/span> Read More &raquo;<\/a><\/p>","protected":false},"author":1,"featured_media":0,"parent":0,"menu_order":0,"comment_status":"closed","ping_status":"closed","template":"","meta":{"site-sidebar-layout":"no-sidebar","site-content-layout":"page-builder","ast-site-content-layout":"","site-content-style":"default","site-sidebar-style":"default","ast-global-header-display":"","ast-banner-title-visibility":"","ast-main-header-display":"","ast-hfb-above-header-display":"","ast-hfb-below-header-display":"","ast-hfb-mobile-header-display":"","site-post-title":"disabled","ast-breadcrumbs-content":"","ast-featured-img":"disabled","footer-sml-layout":"","theme-transparent-header-meta":"enabled","adv-header-id-meta":"","stick-header-meta":"","header-above-stick-meta":"","header-main-stick-meta":"","header-below-stick-meta":"","astra-migrate-meta-layouts":"","ast-page-background-enabled":"default","ast-page-background-meta":{"desktop":{"background-color":"","background-image":"","background-repeat":"repeat","background-position":"center center","background-size":"auto","background-attachment":"scroll","background-type":"","background-media":"","overlay-type":"","overlay-color":"","overlay-gradient":""},"tablet":{"background-color":"","background-image":"","background-repeat":"repeat","background-position":"center center","background-size":"auto","background-attachment":"scroll","background-type":"","background-media":"","overlay-type":"","overlay-color":"","overlay-gradient":""},"mobile":{"background-color":"","background-image":"","background-repeat":"repeat","background-position":"center center","background-size":"auto","background-attachment":"scroll","background-type":"","background-media":"","overlay-type":"","overlay-color":"","overlay-gradient":""}},"ast-content-background-meta":{"desktop":{"background-color":"var(--ast-global-color-5)","background-image":"","background-repeat":"repeat","background-position":"center center","background-size":"auto","background-attachment":"scroll","background-type":"","background-media":"","overlay-type":"","overlay-color":"","overlay-gradient":""},"tablet":{"background-color":"var(--ast-global-color-5)","background-image":"","background-repeat":"repeat","background-position":"center center","background-size":"auto","background-attachment":"scroll","background-type":"","background-media":"","overlay-type":"","overlay-color":"","overlay-gradient":""},"mobile":{"background-color":"var(--ast-global-color-5)","background-image":"","background-repeat":"repeat","background-position":"center center","background-size":"auto","background-attachment":"scroll","background-type":"","background-media":"","overlay-type":"","overlay-color":"","overlay-gradient":""}},"_links_to":"","_links_to_target":""},"yoast_head":"<!-- This site is optimized with the Yoast SEO plugin v21.4 - https:\/\/yoast.com\/wordpress\/plugins\/seo\/ -->\n<title>Impressum | Sch\u00e4fer Online Marketing<\/title>\n<meta name=\"description\" content=\"Hier finden Sie das Impressum von Sch\u00e4fer Online Marketing.\" \/>\n<meta name=\"robots\" content=\"index, follow, max-snippet:-1, max-image-preview:large, max-video-preview:-1\" \/>\n<link rel=\"canonical\" href=\"https:\/\/schaefer-online-marketing.de\/en\/impressum\/\" \/>\n<meta property=\"og:locale\" content=\"en_US\" \/>\n<meta property=\"og:type\" content=\"article\" \/>\n<meta property=\"og:title\" content=\"Impressum | Sch\u00e4fer Online Marketing\" \/>\n<meta property=\"og:description\" content=\"Hier finden Sie das Impressum von Sch\u00e4fer Online Marketing.\" \/>\n<meta property=\"og:url\" content=\"https:\/\/schaefer-online-marketing.de\/en\/impressum\/\" \/>\n<meta property=\"og:site_name\" content=\"Sch\u00e4fer Online-Marketing\" \/>\n<meta property=\"article:modified_time\" content=\"2024-04-17T13:54:56+00:00\" \/>\n<meta name=\"twitter:card\" content=\"summary_large_image\" \/>\n<meta name=\"twitter:label1\" content=\"Est. reading time\" \/>\n\t<meta name=\"twitter:data1\" content=\"3 minutes\" \/>\n<script type=\"application\/ld+json\" class=\"yoast-schema-graph\">{\"@context\":\"https:\/\/schema.org\",\"@graph\":[{\"@type\":\"WebPage\",\"@id\":\"https:\/\/schaefer-online-marketing.de\/impressum\/\",\"url\":\"https:\/\/schaefer-online-marketing.de\/impressum\/\",\"name\":\"Impressum | Sch\u00e4fer Online Marketing\",\"isPartOf\":{\"@id\":\"https:\/\/schaefer-online-marketing.de\/#website\"},\"datePublished\":\"2021-12-08T17:13:16+00:00\",\"dateModified\":\"2024-04-17T13:54:56+00:00\",\"description\":\"Hier finden Sie das Impressum von Sch\u00e4fer Online Marketing.\",\"breadcrumb\":{\"@id\":\"https:\/\/schaefer-online-marketing.de\/impressum\/#breadcrumb\"},\"inLanguage\":\"en-US\",\"potentialAction\":[{\"@type\":\"ReadAction\",\"target\":[\"https:\/\/schaefer-online-marketing.de\/impressum\/\"]}]},{\"@type\":\"BreadcrumbList\",\"@id\":\"https:\/\/schaefer-online-marketing.de\/impressum\/#breadcrumb\",\"itemListElement\":[{\"@type\":\"ListItem\",\"position\":1,\"name\":\"Startseite\",\"item\":\"https:\/\/schaefer-online-marketing.de\/\"},{\"@type\":\"ListItem\",\"position\":2,\"name\":\"Impressum\"}]},{\"@type\":\"WebSite\",\"@id\":\"https:\/\/schaefer-online-marketing.de\/#website\",\"url\":\"https:\/\/schaefer-online-marketing.de\/\",\"name\":\"Sch\u00e4fer Online-Marketing\",\"description\":\"Online-Marketing Agentur bei Frankfurt am Main\",\"publisher\":{\"@id\":\"https:\/\/schaefer-online-marketing.de\/#organization\"},\"potentialAction\":[{\"@type\":\"SearchAction\",\"target\":{\"@type\":\"EntryPoint\",\"urlTemplate\":\"https:\/\/schaefer-online-marketing.de\/?s={search_term_string}\"},\"query-input\":\"required name=search_term_string\"}],\"inLanguage\":\"en-US\"},{\"@type\":\"Organization\",\"@id\":\"https:\/\/schaefer-online-marketing.de\/#organization\",\"name\":\"Sch\u00e4fer Online-Marketing\",\"url\":\"https:\/\/schaefer-online-marketing.de\/\",\"logo\":{\"@type\":\"ImageObject\",\"inLanguage\":\"en-US\",\"@id\":\"https:\/\/schaefer-online-marketing.de\/#\/schema\/logo\/image\/\",\"url\":\"http:\/\/schaefer-online-marketing.de\/wp-content\/uploads\/2021\/10\/cropped-website-icon-schaefer-online-marketing.jpg\",\"contentUrl\":\"http:\/\/schaefer-online-marketing.de\/wp-content\/uploads\/2021\/10\/cropped-website-icon-schaefer-online-marketing.jpg\",\"width\":512,\"height\":512,\"caption\":\"Sch\u00e4fer Online-Marketing\"},\"image\":{\"@id\":\"https:\/\/schaefer-online-marketing.de\/#\/schema\/logo\/image\/\"}}]}<\/script>\n<!-- \/ Yoast SEO plugin. -->","yoast_head_json":{"title":"Impressum | Sch\u00e4fer Online Marketing","description":"Hier finden Sie das Impressum von Sch\u00e4fer Online Marketing.","robots":{"index":"index","follow":"follow","max-snippet":"max-snippet:-1","max-image-preview":"max-image-preview:large","max-video-preview":"max-video-preview:-1"},"canonical":"https:\/\/schaefer-online-marketing.de\/en\/impressum\/","og_locale":"en_US","og_type":"article","og_title":"Impressum | Sch\u00e4fer Online Marketing","og_description":"Hier finden Sie das Impressum von Sch\u00e4fer Online Marketing.","og_url":"https:\/\/schaefer-online-marketing.de\/en\/impressum\/","og_site_name":"Sch\u00e4fer Online-Marketing","article_modified_time":"2024-04-17T13:54:56+00:00","twitter_card":"summary_large_image","twitter_misc":{"Est. reading time":"3 minutes"},"schema":{"@context":"https:\/\/schema.org","@graph":[{"@type":"WebPage","@id":"https:\/\/schaefer-online-marketing.de\/impressum\/","url":"https:\/\/schaefer-online-marketing.de\/impressum\/","name":"Impressum | Sch\u00e4fer Online Marketing","isPartOf":{"@id":"https:\/\/schaefer-online-marketing.de\/#website"},"datePublished":"2021-12-08T17:13:16+00:00","dateModified":"2024-04-17T13:54:56+00:00","description":"Hier finden Sie das Impressum von Sch\u00e4fer Online Marketing.","breadcrumb":{"@id":"https:\/\/schaefer-online-marketing.de\/impressum\/#breadcrumb"},"inLanguage":"en-US","potentialAction":[{"@type":"ReadAction","target":["https:\/\/schaefer-online-marketing.de\/impressum\/"]}]},{"@type":"BreadcrumbList","@id":"https:\/\/schaefer-online-marketing.de\/impressum\/#breadcrumb","itemListElement":[{"@type":"ListItem","position":1,"name":"Startseite","item":"https:\/\/schaefer-online-marketing.de\/"},{"@type":"ListItem","position":2,"name":"Impressum"}]},{"@type":"WebSite","@id":"https:\/\/schaefer-online-marketing.de\/#website","url":"https:\/\/schaefer-online-marketing.de\/","name":"Sch\u00e4fer Online-Marketing","description":"Online-Marketing Agentur bei Frankfurt am Main","publisher":{"@id":"https:\/\/schaefer-online-marketing.de\/#organization"},"potentialAction":[{"@type":"SearchAction","target":{"@type":"EntryPoint","urlTemplate":"https:\/\/schaefer-online-marketing.de\/?s={search_term_string}"},"query-input":"required name=search_term_string"}],"inLanguage":"en-US"},{"@type":"Organization","@id":"https:\/\/schaefer-online-marketing.de\/#organization","name":"Sch\u00e4fer Online-Marketing","url":"https:\/\/schaefer-online-marketing.de\/","logo":{"@type":"ImageObject","inLanguage":"en-US","@id":"https:\/\/schaefer-online-marketing.de\/#\/schema\/logo\/image\/","url":"http:\/\/schaefer-online-marketing.de\/wp-content\/uploads\/2021\/10\/cropped-website-icon-schaefer-online-marketing.jpg","contentUrl":"http:\/\/schaefer-online-marketing.de\/wp-content\/uploads\/2021\/10\/cropped-website-icon-schaefer-online-marketing.jpg","width":512,"height":512,"caption":"Sch\u00e4fer Online-Marketing"},"image":{"@id":"https:\/\/schaefer-online-marketing.de\/#\/schema\/logo\/image\/"}}]}},"_links":{"self":[{"href":"https:\/\/schaefer-online-marketing.de\/en\/wp-json\/wp\/v2\/pages\/3512"}],"collection":[{"href":"https:\/\/schaefer-online-marketing.de\/en\/wp-json\/wp\/v2\/pages"}],"about":[{"href":"https:\/\/schaefer-online-marketing.de\/en\/wp-json\/wp\/v2\/types\/page"}],"author":[{"embeddable":true,"href":"https:\/\/schaefer-online-marketing.de\/en\/wp-json\/wp\/v2\/users\/1"}],"replies":[{"embeddable":true,"href":"https:\/\/schaefer-online-marketing.de\/en\/wp-json\/wp\/v2\/comments?post=3512"}],"version-history":[{"count":10,"href":"https:\/\/schaefer-online-marketing.de\/en\/wp-json\/wp\/v2\/pages\/3512\/revisions"}],"predecessor-version":[{"id":8973,"href":"https:\/\/schaefer-online-marketing.de\/en\/wp-json\/wp\/v2\/pages\/3512\/revisions\/8973"}],"wp:attachment":[{"href":"https:\/\/schaefer-online-marketing.de\/en\/wp-json\/wp\/v2\/media?parent=3512"}],"curies":[{"name":"wp","href":"https:\/\/api.w.org\/{rel}","templated":true}]}}